{"id":4463,"date":"2021-03-19T10:20:48","date_gmt":"2021-03-19T16:20:48","guid":{"rendered":"https:\/\/machackz.com\/?page_id=4463"},"modified":"2021-03-19T10:22:52","modified_gmt":"2021-03-19T16:22:52","slug":"reparacion-de-equipos-mac-2","status":"publish","type":"page","link":"https:\/\/machackz.com\/index.php\/reparacion-de-equipos-mac-2\/","title":{"rendered":"Reparaci\u00f3n de equipos Mac"},"content":{"rendered":"<p><\/p>\n\n\n<\/p><p>En Mac Hackz hemos recibido equipos Mac que dejaron de funcionar.<\/p><p>\n\n\n\n<\/p><p>Ya sea <a href=\"https:\/\/machackz.com\/index.php\/2021\/03\/09\/macbook-liquido\/\">que les cay\u00f3 alg\u00fan tipo de liquido (agua, caf\u00e9, refresco)<\/a>, sufri\u00f3 alguna ca\u00edda o que manda errores al iniciarse. \u00a1Que no cunda el p\u00e1nico! A\u00fan tiene soluci\u00f3n. el 90% de los equipos que hemos recibido han tenido compostura.<\/p><p>\n\n\n<p><\/p>\n<p>Trabajamos con reparaciones a nivel componente con un laboratorio especializado, no importa si no vives en Xalapa puedes enviarnos tu equipo con confianza, resolvemos todas tus dudas, damos seguimiento y actualizaciones a trav\u00e9s de WhatsApp, en todo momento puedes saber en que fase de la reparaci\u00f3n se encuentra tu equipo.<\/p>","protected":false},"excerpt":{"rendered":"<p>En Mac Hackz hemos recibido equipos Mac que dejaron de funcionar. Ya sea que les cay\u00f3 alg\u00fan tipo de liquido (agua, caf\u00e9, refresco), sufri\u00f3 alguna ca\u00edda o que manda errores al iniciarse. \u00a1Que no cunda el p\u00e1nico! A\u00fan tiene soluci\u00f3n. el 90% de los equipos que hemos recibido han tenido compostura. Trabajamos con reparaciones a &hellip; <\/p>\n<p class=\"link-more\"><a href=\"https:\/\/machackz.com\/index.php\/reparacion-de-equipos-mac-2\/\" class=\"more-link\">Continuar leyendo<span class=\"screen-reader-text\"> &#8220;Reparaci\u00f3n de equipos Mac&#8221;<\/span><\/a><\/p>\n","protected":false},"author":1,"featured_media":4408,"parent":0,"menu_order":0,"comment_status":"closed","ping_status":"closed","template":"","meta":{"_joinchat":[],"footnotes":""},"class_list":["post-4463","page","type-page","status-publish","has-post-thumbnail","hentry"],"_links":{"self":[{"href":"https:\/\/machackz.com\/index.php\/wp-json\/wp\/v2\/pages\/4463"}],"collection":[{"href":"https:\/\/machackz.com\/index.php\/wp-json\/wp\/v2\/pages"}],"about":[{"href":"https:\/\/machackz.com\/index.php\/wp-json\/wp\/v2\/types\/page"}],"author":[{"embeddable":true,"href":"https:\/\/machackz.com\/index.php\/wp-json\/wp\/v2\/users\/1"}],"replies":[{"embeddable":true,"href":"https:\/\/machackz.com\/index.php\/wp-json\/wp\/v2\/comments?post=4463"}],"version-history":[{"count":7,"href":"https:\/\/machackz.com\/index.php\/wp-json\/wp\/v2\/pages\/4463\/revisions"}],"predecessor-version":[{"id":4470,"href":"https:\/\/machackz.com\/index.php\/wp-json\/wp\/v2\/pages\/4463\/revisions\/4470"}],"wp:featuredmedia":[{"embeddable":true,"href":"https:\/\/machackz.com\/index.php\/wp-json\/wp\/v2\/media\/4408"}],"wp:attachment":[{"href":"https:\/\/machackz.com\/index.php\/wp-json\/wp\/v2\/media?parent=4463"}],"curies":[{"name":"wp","href":"https:\/\/api.w.org\/{rel}","templated":true}]}}