{"id":4443,"date":"2021-03-16T10:42:18","date_gmt":"2021-03-16T16:42:18","guid":{"rendered":"https:\/\/machackz.com\/?page_id=4443"},"modified":"2021-03-16T10:42:18","modified_gmt":"2021-03-16T16:42:18","slug":"actualizacion-de-software","status":"publish","type":"page","link":"https:\/\/machackz.com\/index.php\/actualizacion-de-software\/","title":{"rendered":"Actualizaci\u00f3n de Software"},"content":{"rendered":"<p class=\"p1\">\u00bfTe ha sucedido que quieres instalar nuevos programas y cuando los quieres instalar marca <strong>error<\/strong>?<\/p>\n<p class=\"p1\">O \u00bfintentaste actualizar tu Mac a un sistema operativo reciente y ya <strong>no inicia<\/strong>?<\/p>\n<p class=\"p1\">La importancia de actualizar los sistemas operativos y programas es que se corrigen vulnerabilidades en nuestro equipo, errores de programaci\u00f3n, entre otros. Cabe mencionar que dependiendo el a\u00f1o de nuestro equipo podremos o no actualizar a versiones de OS m\u00e1s recientes.<\/p>\n<p class=\"p1\">Com\u00fanmente cuando un equipo Mac est\u00e1 desactualizado los programas mas recientes marcar\u00e1n error despu\u00e9s de instalarse.<\/p>\n<p class=\"p1\">Si quieres que tu Mac se actualice correctamente hasta un sistema operativo reciente y estable acude con nosotros, cont\u00e1ctanos por WhatsApp. Como siempre te recomendamos env\u00edanos tu <a href=\"https:\/\/machackz.com\/index.php\/2021\/03\/15\/cual-es-el-numero-de-serie-de-mi-equipo-mac\/\">n\u00famero de serie<\/a> para la propia identificaci\u00f3n de tu equipo Mac y poder resolver tu dudas en tiempo y forma.<\/p>\n","protected":false},"excerpt":{"rendered":"<p>\u00bfTe ha sucedido que quieres instalar nuevos programas y cuando los quieres instalar marca error? O \u00bfintentaste actualizar tu Mac a un sistema operativo reciente y ya no inicia? La importancia de actualizar los sistemas operativos y programas es que se corrigen vulnerabilidades en nuestro equipo, errores de programaci\u00f3n, entre otros. Cabe mencionar que dependiendo &hellip; <\/p>\n<p class=\"link-more\"><a href=\"https:\/\/machackz.com\/index.php\/actualizacion-de-software\/\" class=\"more-link\">Continuar leyendo<span class=\"screen-reader-text\"> &#8220;Actualizaci\u00f3n de Software&#8221;<\/span><\/a><\/p>\n","protected":false},"author":1,"featured_media":4407,"parent":0,"menu_order":0,"comment_status":"closed","ping_status":"closed","template":"","meta":{"_joinchat":[],"footnotes":""},"class_list":["post-4443","page","type-page","status-publish","has-post-thumbnail","hentry"],"_links":{"self":[{"href":"https:\/\/machackz.com\/index.php\/wp-json\/wp\/v2\/pages\/4443"}],"collection":[{"href":"https:\/\/machackz.com\/index.php\/wp-json\/wp\/v2\/pages"}],"about":[{"href":"https:\/\/machackz.com\/index.php\/wp-json\/wp\/v2\/types\/page"}],"author":[{"embeddable":true,"href":"https:\/\/machackz.com\/index.php\/wp-json\/wp\/v2\/users\/1"}],"replies":[{"embeddable":true,"href":"https:\/\/machackz.com\/index.php\/wp-json\/wp\/v2\/comments?post=4443"}],"version-history":[{"count":1,"href":"https:\/\/machackz.com\/index.php\/wp-json\/wp\/v2\/pages\/4443\/revisions"}],"predecessor-version":[{"id":4444,"href":"https:\/\/machackz.com\/index.php\/wp-json\/wp\/v2\/pages\/4443\/revisions\/4444"}],"wp:featuredmedia":[{"embeddable":true,"href":"https:\/\/machackz.com\/index.php\/wp-json\/wp\/v2\/media\/4407"}],"wp:attachment":[{"href":"https:\/\/machackz.com\/index.php\/wp-json\/wp\/v2\/media?parent=4443"}],"curies":[{"name":"wp","href":"https:\/\/api.w.org\/{rel}","templated":true}]}}