{"id":4398,"date":"2021-03-12T10:35:13","date_gmt":"2021-03-12T16:35:13","guid":{"rendered":"https:\/\/machackz.com\/?page_id=4398"},"modified":"2021-03-12T10:39:08","modified_gmt":"2021-03-12T16:39:08","slug":"quienes-somos","status":"publish","type":"page","link":"https:\/\/machackz.com\/","title":{"rendered":"Quienes somos"},"content":{"rendered":"<p style=\"text-align: center;\">\n<p class=\"p1\">Mac Hackz nace en la ciudad de Xalapa Veracruz en los 90s bajo la necesidad que ten\u00edan amigos y clientes por reparar sus equipos Mac, en aquellos a\u00f1os no exist\u00edan las tiendas oficiales de Apple en el M\u00e9xico.<\/p>\n<p class=\"p1\">Tenemos casi 30 a\u00f1os de experiencia en equipos de computo.<\/p>\n<p class=\"p1\">Con el tiempo nos hemos renovado, actualizado y preparado para ofrecer servicios de alta calidad a los usuarios de equipos Mac.<\/p>\n","protected":false},"excerpt":{"rendered":"<p>Mac Hackz nace en la ciudad de Xalapa Veracruz en los 90s bajo la necesidad que ten\u00edan amigos y clientes por reparar sus equipos Mac, en aquellos a\u00f1os no exist\u00edan las tiendas oficiales de Apple en el M\u00e9xico. Tenemos casi 30 a\u00f1os de experiencia en equipos de computo. Con el tiempo nos hemos renovado, actualizado &hellip; <\/p>\n<p class=\"link-more\"><a href=\"https:\/\/machackz.com\/\" class=\"more-link\">Continuar leyendo<span class=\"screen-reader-text\"> &#8220;Quienes somos&#8221;<\/span><\/a><\/p>\n","protected":false},"author":1,"featured_media":4399,"parent":0,"menu_order":0,"comment_status":"closed","ping_status":"closed","template":"","meta":{"_joinchat":[],"footnotes":""},"class_list":["post-4398","page","type-page","status-publish","has-post-thumbnail","hentry"],"_links":{"self":[{"href":"https:\/\/machackz.com\/index.php\/wp-json\/wp\/v2\/pages\/4398"}],"collection":[{"href":"https:\/\/machackz.com\/index.php\/wp-json\/wp\/v2\/pages"}],"about":[{"href":"https:\/\/machackz.com\/index.php\/wp-json\/wp\/v2\/types\/page"}],"author":[{"embeddable":true,"href":"https:\/\/machackz.com\/index.php\/wp-json\/wp\/v2\/users\/1"}],"replies":[{"embeddable":true,"href":"https:\/\/machackz.com\/index.php\/wp-json\/wp\/v2\/comments?post=4398"}],"version-history":[{"count":2,"href":"https:\/\/machackz.com\/index.php\/wp-json\/wp\/v2\/pages\/4398\/revisions"}],"predecessor-version":[{"id":4402,"href":"https:\/\/machackz.com\/index.php\/wp-json\/wp\/v2\/pages\/4398\/revisions\/4402"}],"wp:featuredmedia":[{"embeddable":true,"href":"https:\/\/machackz.com\/index.php\/wp-json\/wp\/v2\/media\/4399"}],"wp:attachment":[{"href":"https:\/\/machackz.com\/index.php\/wp-json\/wp\/v2\/media?parent=4398"}],"curies":[{"name":"wp","href":"https:\/\/api.w.org\/{rel}","templated":true}]}}